{"id":1599,"date":"2022-02-13T16:43:55","date_gmt":"2022-02-13T15:43:55","guid":{"rendered":"http:\/\/angis-crown-jewels.de\/?page_id=1599"},"modified":"2022-02-20T15:41:34","modified_gmt":"2022-02-20T14:41:34","slug":"emily","status":"publish","type":"page","link":"http:\/\/angis-crown-jewels.de\/?page_id=1599","title":{"rendered":"Emily"},"content":{"rendered":"\n<p><strong>Angis Crown Jewels Emily, geboren am 13.12.2017, aus der Verpaarung von Homesweets Walk of Fame und Angis Crown Jewels Candy Kiss. Emily hat ihre Zuchtzulassung am 16.6.2021 erhalten, sie ist freundlich und offen.<\/strong><\/p>\n\n\n\n<p><strong> Ein<\/strong> <strong>Auszug aus dem Richterbericht vom 17.10.2021 :<\/strong><\/p>\n\n\n\n<p>Im richtigen Format und passender Substanz, typvoller Kopf, dunkelbraune Augen, flacher Sch\u00e4del, fester R\u00fccken, Rute korrekt, gerade Vorderl\u00e4ufe, korrekt entwickelte Brustbreite und- tiefe, in der Bewegung m\u00fchelos und frei.<\/p>\n\n\n\n<p>Formwertnote V1<\/p>\n\n\n\n<figure class=\"wp-block-image size-large is-resized\"><img loading=\"lazy\" src=\"http:\/\/angis-crown-jewels.de\/wp-content\/uploads\/2022\/02\/OTHO2598-1024x497.jpg\" alt=\"\" class=\"wp-image-1606\" width=\"512\" height=\"249\" srcset=\"http:\/\/angis-crown-jewels.de\/wp-content\/uploads\/2022\/02\/OTHO2598-1024x497.jpg 1024w, http:\/\/angis-crown-jewels.de\/wp-content\/uploads\/2022\/02\/OTHO2598-300x146.jpg 300w, http:\/\/angis-crown-jewels.de\/wp-content\/uploads\/2022\/02\/OTHO2598-768x373.jpg 768w, http:\/\/angis-crown-jewels.de\/wp-content\/uploads\/2022\/02\/OTHO2598-1536x746.jpg 1536w, http:\/\/angis-crown-jewels.de\/wp-content\/uploads\/2022\/02\/OTHO2598.jpg 1600w\" sizes=\"(max-width: 512px) 100vw, 512px\" \/><\/figure>\n\n\n\n<figure class=\"wp-block-image size-medium\"><img loading=\"lazy\" width=\"206\" height=\"300\" src=\"http:\/\/angis-crown-jewels.de\/wp-content\/uploads\/2022\/02\/iphone7-103-Kopie-206x300.jpg\" alt=\"\" class=\"wp-image-1600\" srcset=\"http:\/\/angis-crown-jewels.de\/wp-content\/uploads\/2022\/02\/iphone7-103-Kopie-206x300.jpg 206w, http:\/\/angis-crown-jewels.de\/wp-content\/uploads\/2022\/02\/iphone7-103-Kopie-703x1024.jpg 703w, http:\/\/angis-crown-jewels.de\/wp-content\/uploads\/2022\/02\/iphone7-103-Kopie-768x1119.jpg 768w, http:\/\/angis-crown-jewels.de\/wp-content\/uploads\/2022\/02\/iphone7-103-Kopie.jpg 920w\" sizes=\"(max-width: 206px) 100vw, 206px\" \/><\/figure>\n\n\n\n<figure class=\"wp-block-gallery columns-1 is-cropped\"><ul class=\"blocks-gallery-grid\"><li class=\"blocks-gallery-item\"><figure><img loading=\"lazy\" width=\"819\" height=\"1024\" src=\"http:\/\/angis-crown-jewels.de\/wp-content\/uploads\/2022\/02\/2018_Gruenberg_Angela-003_bearb-819x1024.jpg\" alt=\"\" data-id=\"1601\" data-full-url=\"http:\/\/angis-crown-jewels.de\/wp-content\/uploads\/2022\/02\/2018_Gruenberg_Angela-003_bearb-scaled.jpg\" data-link=\"http:\/\/angis-crown-jewels.de\/?attachment_id=1601\" class=\"wp-image-1601\" srcset=\"http:\/\/angis-crown-jewels.de\/wp-content\/uploads\/2022\/02\/2018_Gruenberg_Angela-003_bearb-819x1024.jpg 819w, http:\/\/angis-crown-jewels.de\/wp-content\/uploads\/2022\/02\/2018_Gruenberg_Angela-003_bearb-240x300.jpg 240w, http:\/\/angis-crown-jewels.de\/wp-content\/uploads\/2022\/02\/2018_Gruenberg_Angela-003_bearb-768x960.jpg 768w, http:\/\/angis-crown-jewels.de\/wp-content\/uploads\/2022\/02\/2018_Gruenberg_Angela-003_bearb-1229x1536.jpg 1229w, http:\/\/angis-crown-jewels.de\/wp-content\/uploads\/2022\/02\/2018_Gruenberg_Angela-003_bearb-1639x2048.jpg 1639w, http:\/\/angis-crown-jewels.de\/wp-content\/uploads\/2022\/02\/2018_Gruenberg_Angela-003_bearb-scaled.jpg 2048w\" sizes=\"(max-width: 819px) 100vw, 819px\" \/><\/figure><\/li><\/ul><\/figure>\n","protected":false},"excerpt":{"rendered":"<p>Angis Crown Jewels Emily, geboren am 13.12.2017, aus der Verpaarung von Homesweets Walk of Fame und Angis Crown Jewels Candy Kiss. Emily hat ihre Zuchtzulassung am 16.6.2021 erhalten, sie ist freundlich und offen. Ein Auszug aus dem Richterbericht vom 17.10.2021 : Im richtigen Format und passender Substanz, typvoller Kopf, dunkelbraune Augen, flacher Sch\u00e4del, fester R\u00fccken, [&hellip;]<\/p>\n","protected":false},"author":1,"featured_media":0,"parent":0,"menu_order":0,"comment_status":"closed","ping_status":"closed","template":"","meta":[],"_links":{"self":[{"href":"http:\/\/angis-crown-jewels.de\/index.php?rest_route=\/wp\/v2\/pages\/1599"}],"collection":[{"href":"http:\/\/angis-crown-jewels.de\/index.php?rest_route=\/wp\/v2\/pages"}],"about":[{"href":"http:\/\/angis-crown-jewels.de\/index.php?rest_route=\/wp\/v2\/types\/page"}],"author":[{"embeddable":true,"href":"http:\/\/angis-crown-jewels.de\/index.php?rest_route=\/wp\/v2\/users\/1"}],"replies":[{"embeddable":true,"href":"http:\/\/angis-crown-jewels.de\/index.php?rest_route=%2Fwp%2Fv2%2Fcomments&post=1599"}],"version-history":[{"count":3,"href":"http:\/\/angis-crown-jewels.de\/index.php?rest_route=\/wp\/v2\/pages\/1599\/revisions"}],"predecessor-version":[{"id":1607,"href":"http:\/\/angis-crown-jewels.de\/index.php?rest_route=\/wp\/v2\/pages\/1599\/revisions\/1607"}],"wp:attachment":[{"href":"http:\/\/angis-crown-jewels.de\/index.php?rest_route=%2Fwp%2Fv2%2Fmedia&parent=1599"}],"curies":[{"name":"wp","href":"https:\/\/api.w.org\/{rel}","templated":true}]}}